{"id":65,"date":"2015-07-17T07:34:52","date_gmt":"2015-07-17T05:34:52","guid":{"rendered":"http:\/\/new.ssv-lemgo.de\/?page_id=65"},"modified":"2025-06-24T17:30:37","modified_gmt":"2025-06-24T15:30:37","slug":"vorstand-2","status":"publish","type":"page","link":"https:\/\/www.ssv-lemgo.de\/index.php\/vorstand-2\/","title":{"rendered":"Vorstand"},"content":{"rendered":"<p><strong>Der aktuelle Vorstand<\/strong><\/p>\n<p><strong>1. Vorsitzender<\/strong><\/p>\n<p>Alexander Wegner<\/p>\n<p>Lemgo<\/p>\n<p>Tel.: 0151-28910167<\/p>\n<p>Mail: <a href=\"mailto:a.wegner@ssv-lemgo.de\">a.wegner(at)ssv-lemgo.de<\/a><\/p>\n<p><strong>2. Vorsitzender<\/strong><\/p>\n<p>Jan Martin<\/p>\n<p style=\"text-align: left;\">Lemgo<\/p>\n<p style=\"text-align: left;\">Mail: <a href=\"mailto:j.martin@ssv-lemgo.de\">j.martin(at)ssv-lemgo.de<\/a><\/p>\n<p><strong>1. Gesch\u00e4ftsf\u00fchrer<\/strong><\/p>\n<p>Michael Lutter<\/p>\n<p>Lemgo<\/p>\n<p>Mail: <a href=\"mailto:m.lutter@ssv-lemgo.de\">m.lutter(at)ssv-lemgo.de<\/a><\/p>\n<p><strong>2. Gesch\u00e4ftsf\u00fchrer<\/strong><\/p>\n<p><em>aktuell nicht Besetzt<\/em><\/p>\n<p><strong>Kassenwartin<\/strong><\/p>\n<p>Sina Flakowski<\/p>\n<p>Blomberg<\/p>\n<p>Mail: <a href=\"mailto:s.flakowski@ssv-lemgo.de\">s.flakowski(at)ssv-lemgo.de<\/a><\/p>\n<p><strong>2. Kassenwartin<\/strong><\/p>\n<p><em>aktuell nicht Besetzt<\/em><\/p>\n<p><strong>Jugendwart\/Fu\u00dfballfachwart<\/strong><\/p>\n<p>Fr.-W. Danger<\/p>\n<p>D\u00f6rentrup<br \/>\nTel.: 05265-7582<br \/>\nMail: <a href=\"mailto:fw.danger@ssv-lemgo.de\">fw.danger(at)ssv-lemgo.de<\/a><\/p>\n<p><strong>Jugendwartin\/Verb. Zum KSB<\/strong><\/p>\n<p><em>aktuell nicht Besetzt<\/em><\/p>\n<p><strong>Beauftragter f\u00fcr Sportabzeichen<\/strong><\/p>\n<p>Siegmund Gedeon<\/p>\n<p>Lemgo<br \/>\nTel. 05261-15098<br \/>\nMail: <a href=\"mailto:s.gedeon@ssv-lemgo.de\">s.gedeon(at)ssv-lemgo.de<\/a><\/p>\n<p><strong>Fachwart f\u00fcr \u00d6ffentlichkeitsarbeit<\/strong><\/p>\n<p><em>aktuell nicht Besetzt<\/em><\/p>\n<p><strong>Ehrenvorsitzender<\/strong><\/p>\n<p>Hans Pawlowski<\/p>\n<p>Lemgo<br \/>\nTel.: 05261-8285<\/p>\n<p>&nbsp;<\/p>\n<p>Die Gesch\u00e4ftsstelle des SSV Lemgo e. V. befindet sich im Hause der Freiwilligen Agentur Lemgo der Stadt Lemgo.<\/p>\n<p>Adresse: Haus Wippermann, Kramerstr. 5 in 32657 Lemgo<\/p>\n<p>Aktuell ist diese nicht besetzt. Bei Fragen wenden Sie sich bitte direkt an uns unter dem allgemeinen Kontaktformular oder pers\u00f6nlich an die o. g. Ansprechpartner.<\/p>\n","protected":false},"excerpt":{"rendered":"<p>Der aktuelle Vorstand 1. Vorsitzender Alexander Wegner Lemgo Tel.: 0151-28910167 Mail: a.wegner(at)ssv-lemgo.de 2. Vorsitzender Jan Martin Lemgo Mail: j.martin(at)ssv-lemgo.de 1. Gesch\u00e4ftsf\u00fchrer Michael Lutter Lemgo Mail: m.lutter(at)ssv-lemgo.de 2. Gesch\u00e4ftsf\u00fchrer aktuell nicht Besetzt Kassenwartin Sina Flakowski&#46;&#46;&#46;<\/p>\n","protected":false},"author":1,"featured_media":0,"parent":0,"menu_order":0,"comment_status":"open","ping_status":"closed","template":"","meta":{"footnotes":""},"class_list":["post-65","page","type-page","status-publish","hentry"],"_links":{"self":[{"href":"https:\/\/www.ssv-lemgo.de\/index.php\/wp-json\/wp\/v2\/pages\/65","targetHints":{"allow":["GET"]}}],"collection":[{"href":"https:\/\/www.ssv-lemgo.de\/index.php\/wp-json\/wp\/v2\/pages"}],"about":[{"href":"https:\/\/www.ssv-lemgo.de\/index.php\/wp-json\/wp\/v2\/types\/page"}],"author":[{"embeddable":true,"href":"https:\/\/www.ssv-lemgo.de\/index.php\/wp-json\/wp\/v2\/users\/1"}],"replies":[{"embeddable":true,"href":"https:\/\/www.ssv-lemgo.de\/index.php\/wp-json\/wp\/v2\/comments?post=65"}],"version-history":[{"count":31,"href":"https:\/\/www.ssv-lemgo.de\/index.php\/wp-json\/wp\/v2\/pages\/65\/revisions"}],"predecessor-version":[{"id":1532,"href":"https:\/\/www.ssv-lemgo.de\/index.php\/wp-json\/wp\/v2\/pages\/65\/revisions\/1532"}],"wp:attachment":[{"href":"https:\/\/www.ssv-lemgo.de\/index.php\/wp-json\/wp\/v2\/media?parent=65"}],"curies":[{"name":"wp","href":"https:\/\/api.w.org\/{rel}","templated":true}]}}