{"id":100,"date":"2015-08-06T10:25:23","date_gmt":"2015-08-06T08:25:23","guid":{"rendered":"http:\/\/new.ssv-lemgo.de\/?page_id=100"},"modified":"2025-02-21T20:57:30","modified_gmt":"2025-02-21T19:57:30","slug":"downloads","status":"publish","type":"page","link":"https:\/\/www.ssv-lemgo.de\/index.php\/downloads\/","title":{"rendered":"Downloads"},"content":{"rendered":"<ul>\n<li>Pakt f\u00fcr den Sport: <a href=\"https:\/\/www.ssv-lemgo.de\/wp-content\/uploads\/2015\/06\/Pakt_fuer_den_Sport_2025-2029.pdf\" target=\"_blank\" rel=\"noopener\">Download als PDF<\/a><\/li>\n<li><a href=\"http:\/\/www.ssv-lemgo.de\/wp-content\/uploads\/2016\/01\/Bildungspaket.pdf\" target=\"_blank\" rel=\"noopener\">Infos zum Bildungs- und Teilhabepaket f\u00fcr alle Vereine (PDF)<\/a><\/li>\n<li><a href=\"https:\/\/www.lemgo.de\/index.php?id=4923\" target=\"_blank\" rel=\"noopener\">Freizeitst\u00e4ttenentwicklungskonzept<\/a><\/li>\n<\/ul>\n","protected":false},"excerpt":{"rendered":"<p>Pakt f\u00fcr den Sport: Download als PDF Infos zum Bildungs- und Teilhabepaket f\u00fcr alle Vereine (PDF) Freizeitst\u00e4ttenentwicklungskonzept<\/p>\n","protected":false},"author":1,"featured_media":0,"parent":0,"menu_order":0,"comment_status":"open","ping_status":"open","template":"","meta":{"footnotes":""},"class_list":["post-100","page","type-page","status-publish","hentry"],"_links":{"self":[{"href":"https:\/\/www.ssv-lemgo.de\/index.php\/wp-json\/wp\/v2\/pages\/100","targetHints":{"allow":["GET"]}}],"collection":[{"href":"https:\/\/www.ssv-lemgo.de\/index.php\/wp-json\/wp\/v2\/pages"}],"about":[{"href":"https:\/\/www.ssv-lemgo.de\/index.php\/wp-json\/wp\/v2\/types\/page"}],"author":[{"embeddable":true,"href":"https:\/\/www.ssv-lemgo.de\/index.php\/wp-json\/wp\/v2\/users\/1"}],"replies":[{"embeddable":true,"href":"https:\/\/www.ssv-lemgo.de\/index.php\/wp-json\/wp\/v2\/comments?post=100"}],"version-history":[{"count":18,"href":"https:\/\/www.ssv-lemgo.de\/index.php\/wp-json\/wp\/v2\/pages\/100\/revisions"}],"predecessor-version":[{"id":1507,"href":"https:\/\/www.ssv-lemgo.de\/index.php\/wp-json\/wp\/v2\/pages\/100\/revisions\/1507"}],"wp:attachment":[{"href":"https:\/\/www.ssv-lemgo.de\/index.php\/wp-json\/wp\/v2\/media?parent=100"}],"curies":[{"name":"wp","href":"https:\/\/api.w.org\/{rel}","templated":true}]}}