{"id":10,"date":"2015-06-22T12:17:26","date_gmt":"2015-06-22T10:17:26","guid":{"rendered":"http:\/\/new.ssv-lemgo.de\/?page_id=10"},"modified":"2025-09-17T15:20:25","modified_gmt":"2025-09-17T13:20:25","slug":"impressum","status":"publish","type":"page","link":"https:\/\/www.ssv-lemgo.de\/index.php\/impressum\/","title":{"rendered":"Impressum"},"content":{"rendered":"<p>Verantwortlich f\u00fcr den Inhalt dieser Internetpr\u00e4senz:<\/p>\n<p>Der Vorstand des Stadtsportverbandes Lemgo e.V. ,<\/p>\n<p>Kramerstr. 5, 32657 Lemgo<\/p>\n<p>e-mail: info(at)ssv-lemgo.de<\/p>\n<p>Ansprechpartner: Michael Lutter, Buchenweg 10, 32694 D\u00f6rentrup<\/p>\n<p>Vereinsregister Amtsgericht Lemgo VR 349<\/p>\n<p>Links zu anderen Angeboten:<br \/>\nMit Urteil vom 12. Mai 1998 hat das Landgericht Hamburg entschieden, dass man durch die Ausbringung eines Links die Inhalte der gelinkten Seite gegebenenfalls mit zu verantworten hat. Dies kann &#8211; so das LG &#8211; nur dadurch verhindert werden, dass man sich ausdr\u00fccklich von diesen Inhalten distanziert.<\/p>\n<p>Ausdr\u00fcckliche Erkl\u00e4rung:<br \/>\nF\u00fcr alle auf den Webseiten des Stadtsportverbandes Lemgo e.V. befindlichen externen Links gilt folgendes:<br \/>\nDer Verein hat keinerlei Einfluss auf die Gestaltung und die Inhalte der \u00fcber externe Links erreichbaren Seiten. Aus diesem Grunde distanzieren wir uns ausdr\u00fccklich von den Inhalten gelinkter Seiten. Die Aufnahme der Links erfolgt ohne inhaltliche Wertung. Sie stellt weder eine Empfehlung dar, noch machen wir uns die Inhalte anderer Seiten zu eigen.<\/p>\n<p>Diese Erkl\u00e4rung gilt f\u00fcr alle externen Links und f\u00fcr alle Inhalte der Seiten, zu denen unsere Links f\u00fchren.<\/p>\n<p>Haftung:<br \/>\nObwohl die Seiteninhalte stets \u00fcberpr\u00fcft werden, kann keine Gew\u00e4hr f\u00fcr die Richtigkeit und Aktualit\u00e4t der Informationen \u00fcbernommen werden.<\/p>\n","protected":false},"excerpt":{"rendered":"<p>Verantwortlich f\u00fcr den Inhalt dieser Internetpr\u00e4senz: Der Vorstand des Stadtsportverbandes Lemgo e.V. , Kramerstr. 5, 32657 Lemgo e-mail: info(at)ssv-lemgo.de Ansprechpartner: Michael Lutter, Buchenweg 10, 32694 D\u00f6rentrup Vereinsregister Amtsgericht Lemgo VR 349 Links zu anderen&#46;&#46;&#46;<\/p>\n","protected":false},"author":1,"featured_media":0,"parent":0,"menu_order":0,"comment_status":"open","ping_status":"open","template":"","meta":{"footnotes":""},"class_list":["post-10","page","type-page","status-publish","hentry"],"_links":{"self":[{"href":"https:\/\/www.ssv-lemgo.de\/index.php\/wp-json\/wp\/v2\/pages\/10","targetHints":{"allow":["GET"]}}],"collection":[{"href":"https:\/\/www.ssv-lemgo.de\/index.php\/wp-json\/wp\/v2\/pages"}],"about":[{"href":"https:\/\/www.ssv-lemgo.de\/index.php\/wp-json\/wp\/v2\/types\/page"}],"author":[{"embeddable":true,"href":"https:\/\/www.ssv-lemgo.de\/index.php\/wp-json\/wp\/v2\/users\/1"}],"replies":[{"embeddable":true,"href":"https:\/\/www.ssv-lemgo.de\/index.php\/wp-json\/wp\/v2\/comments?post=10"}],"version-history":[{"count":10,"href":"https:\/\/www.ssv-lemgo.de\/index.php\/wp-json\/wp\/v2\/pages\/10\/revisions"}],"predecessor-version":[{"id":1535,"href":"https:\/\/www.ssv-lemgo.de\/index.php\/wp-json\/wp\/v2\/pages\/10\/revisions\/1535"}],"wp:attachment":[{"href":"https:\/\/www.ssv-lemgo.de\/index.php\/wp-json\/wp\/v2\/media?parent=10"}],"curies":[{"name":"wp","href":"https:\/\/api.w.org\/{rel}","templated":true}]}}